{"id":1594,"date":"2023-12-27T17:09:05","date_gmt":"2023-12-27T16:09:05","guid":{"rendered":"https:\/\/swissraft-activity.ch\/?page_id=1594"},"modified":"2025-03-18T09:05:52","modified_gmt":"2025-03-18T08:05:52","slug":"unsere-allgemeinen-geschaeftsbedingungen","status":"publish","type":"page","link":"https:\/\/swissraft-activity.ch\/de\/unsere-allgemeinen-geschaeftsbedingungen\/","title":{"rendered":"Unsere Allgemeinen Gesch\u00e4ftsbedingungen"},"content":{"rendered":"\t\t<div data-elementor-type=\"wp-page\" data-elementor-id=\"1594\" class=\"elementor elementor-1594 elementor-389\" data-elementor-post-type=\"page\">\n\t\t\t\t\t\t<section class=\"elementor-section elementor-top-section elementor-element elementor-element-6011ec26 elementor-reverse-mobile elementor-section-boxed elementor-section-height-default elementor-section-height-default\" data-id=\"6011ec26\" data-element_type=\"section\" data-e-type=\"section\">\n\t\t\t\t\t\t<div class=\"elementor-container elementor-column-gap-default\">\n\t\t\t\t\t<div class=\"elementor-column elementor-col-100 elementor-top-column elementor-element elementor-element-46963ba3 elementor-invisible\" data-id=\"46963ba3\" data-element_type=\"column\" data-e-type=\"column\" data-settings=\"{&quot;animation&quot;:&quot;fadeInLeft&quot;}\">\n\t\t\t<div class=\"elementor-widget-wrap elementor-element-populated\">\n\t\t\t\t\t\t<div class=\"elementor-element elementor-element-29e1cf53 elementor-widget elementor-widget-text-editor\" data-id=\"29e1cf53\" data-element_type=\"widget\" data-e-type=\"widget\" data-widget_type=\"text-editor.default\">\n\t\t\t\t<div class=\"elementor-widget-container\">\n\t\t\t\t\t\t\t\t\t<p><strong>LEISTUNG VON UNTERRICHT UND BETREUUNG<\/strong><\/p><p>Die Anmeldung zu den betreuten Leistungen von SWISSRAFT ACTIVITY setzt voraus, dass der Unterzeichner die vorliegenden Allgemeinen Gesch\u00e4ftsbedingungen ohne weiteres akzeptiert und sich verpflichtet, jeden Teilnehmer \u00fcber alle Modalit\u00e4ten zu informieren. Wir sind versichert in <a href=\"https:\/\/fh-sites.imgix.net\/sites\/2313\/2022\/10\/28094329\/RC-Swissraft-Activity-Sarl.pdf\" target=\"_blank\" rel=\"noopener\">RC entreprise par la Baloise<\/a> Versicherungen nach den gesetzlichen Grundlagen.<\/p><p><strong>ART. 1 &#8211; BEITR\u00c4GE<\/strong><\/p><p>SWISSRAFT ACTIVITY bietet auf eigene Rechnung, auf Rechnung autorisierter Unternehmen und auf Rechnung selbstst\u00e4ndiger Monitore die Betreuung und den Unterricht in sogenannten Risiko- und Natursportarten an: Klettern, H\u00f6hlenforschung, Klettersteige und Via Corda, Canyoning, Rafting, Wildwasserschwimmen, Kajak und aufblasbare Kajaks sowie Kanu-Rafting. Alle angebotenen Aktivit\u00e4ten werden von Guides betreut und versichert, die in ihren jeweiligen Disziplinen ein Diplom besitzen und ihren gesetzlichen Verpflichtungen nachkommen.<\/p><p><strong>ART. 2 &#8211; ANMELDUNG UND RESERVIERUNG<\/strong><\/p><p>Alle unsere Aktivit\u00e4ten k\u00f6nnen nur mit Reservierung durchgef\u00fchrt werden. Daf\u00fcr haben Sie mehrere M\u00f6glichkeiten: indem Sie das Online-Antragsformular ausf\u00fcllen oder sich direkt an SWISSRAFT ACTIVITY wenden, per E-Mail \u00fcber das Online-Kontaktformular, telefonisch unter +41 27 475 35 10 oder indem Sie<br \/>online buchen.<\/p><p>Der Restbetrag der Buchung wird zu Beginn der Aktivit\u00e4t direkt an SWISSRAFT ACTIVITY , bezahlt.<\/p><p><strong>ART. 3 &#8211; PREISE<\/strong><\/p><p>Die Preise von SWISSRAFT ACTIVITY sind auf der Internetseite und im Aktivit\u00e4tenkatalog, der an der Rezeption erh\u00e4ltlich ist, aufgef\u00fchrt.<\/p><p>Die Preise beinhalten: die Organisation, die Betreuungsleistung durch einen diplomierten Bergf\u00fchrer und den Verleih der technischen und sicherheitsrelevanten Ausr\u00fcstung, die f\u00fcr die Aus\u00fcbung der gew\u00e4hlten Aktivit\u00e4t notwendig ist (Neoprenanzug und -jacke, Neoprenschuhe, Helm, Klettergurt, Schwimmweste usw.).<\/p><p>Die M\u00f6glichkeit, Ausr\u00fcstung zu mieten, ist auf besondere Anfrage per E-Mail oder Telefon m\u00f6glich.<\/p><p>In jedem Fall sollten Sie sich auf das technische Datenblatt des Produkts beziehen, das auf unserer Website oder auf einfache Anfrage erh\u00e4ltlich ist.<\/p><p>Die Preise der Aktivit\u00e4ten beinhalten nicht: den Transport zum Treffpunkt oder pers\u00f6nliche Ausgaben.<\/p><p>Bei Tagesausfl\u00fcgen sind die Mahlzeiten (Picknick, Wasser, Snacks) vom Kunden zu tragen, sofern nicht anders angegeben.<\/p><p><strong>ART. 4 &#8211; ZAHLUNGSWEISE<\/strong><\/p><p>Bei Betreuungsleistungen muss die Zahlung direkt an den Betreuer, der die Sitzung durchf\u00fchrt, zu H\u00e4nden von SWISSRAFT ACTIVITY geleistet werden. Im Falle einer Untervergabe an ein Unternehmen oder einen Selbstst\u00e4ndigen wird die Zahlung direkt vor Ort an den Anbieter geleistet, der<br \/>die Aktivit\u00e4t durchf\u00fchrt.<\/p><p>Akzeptierte Zahlungsmittel: Bank\u00fcberweisung, Kreditkarte (sichere Zahlung per Internet oder vor Ort mit TPE) oder Bargeld.<\/p><p><strong>ART. 5 &#8211; TEILNAHMEBEDINGUNGEN<\/strong><\/p><p>Unsere Aktivit\u00e4ten stehen allen offen; dennoch sind je nach Aktivit\u00e4t und Parcours bestimmte Bedingungen zu beachten (Altersgrenze, Schwimmkenntnisse, technisches Niveau, k\u00f6rperliche Verfassung usw.).<\/p><p>SWISSRAFT ACTIVITY verf\u00fcgt nicht \u00fcber die Mittel, um das sportliche Niveau seiner Kunden zu \u00fcberpr\u00fcfen.<\/p><p>Es obliegt daher jedem Teilnehmer, seine k\u00f6rperliche Fitness in Bezug auf die Auswahl der Parcours, die er absolvieren m\u00f6chte, eingesch\u00e4tzt zu haben. Diese Voraussetzungen entnehmen Sie bitte den technischen Informationen zu den Strecken (abrufbar auf unserer Website www.swissraft-activity.ch).<\/p><p>Dar\u00fcber hinaus m\u00fcssen Sie das Teilnahmeformular vor Beginn der Aktivit\u00e4t lesen, unterschreiben, um die Teilnahmebedingungen zu akzeptieren, und vorlegen.<\/p><p>F\u00fcr Canyoning- und Wildwasseraktivit\u00e4ten ist es zwingend erforderlich, dass Sie 25 m schwimmen und untertauchen k\u00f6nnen.<\/p><p>Es d\u00fcrfen keine medizinischen Kontraindikationen f\u00fcr die Aus\u00fcbung der gew\u00e4hlten Aktivit\u00e4t vorliegen.<\/p><p>WICHTIG: Bei Ihnen besteht keine medizinische Kontraindikation, aber Sie sind auf besondere medizinische Betreuung oder Behandlung angewiesen (Asthma, Diabetes usw.) oder Ihr Gesundheitszustand erfordert besondere Aufmerksamkeit (schwache Gelenke, R\u00fcckenprobleme, Brillenpflicht,<br \/>usw.), dann m\u00fcssen Sie den Betreuer unbedingt vor Beginn der Aktivit\u00e4t dar\u00fcber informieren und die entsprechenden Notfallmedikamente gem\u00e4\u00df den \u00e4rztlichen Empfehlungen mitbringen.<\/p><p><strong>ART. 6 &#8211; VERSICHERUNG UND HAFTUNG<\/strong><\/p><p>Jeder Betreuer\/Fachmann ist f\u00fcr die Aktivit\u00e4ten innerhalb von SWISSRAFT ACTIVITY oder f\u00fcr seine eigenen Aktivit\u00e4ten (Untervergabe) sowie f\u00fcr die Kosten, die durch eine eventuelle Rettungsaktion entstehen, beruflich haftpflichtversichert.<\/p><p>Wir raten jedem Teilnehmer dringend, eine Haftpflichtversicherung und\/oder eine pers\u00f6nliche Unfallversicherung bei der Versicherung seiner Wahl f\u00fcr die Aus\u00fcbung von Wildwasser- und\/oder Bergsportarten abzuschlie\u00dfen. Denn wir k\u00f6nnen die individuelle Haftpflicht<br \/>jedes Teilnehmers nicht ersetzen.<\/p><p>SWISSRAFT ACTIVITY ist f\u00fcr alle von ihr angebotenen Aktivit\u00e4ten haftpflichtversichert und kann nicht f\u00fcr Aktivit\u00e4ten haftbar gemacht werden, die bei anderen Anbietern gebucht oder durchgef\u00fchrt wurden.<\/p><p>Im Falle eines Unfalls mit Personenschaden sind SWISSRAFT ACTIVITY und der zust\u00e4ndige Betreuer nicht mehr haftbar, sobald das Opfer von den zust\u00e4ndigen Rettungsorganisationen versorgt wird, und alle weiteren Krankenhausaufenthalte fallen in den Zust\u00e4ndigkeitsbereich der pers\u00f6nlichen Versicherungen des Verunfallten.<\/p><p>Die Aus\u00fcbung von Aktivit\u00e4ten in der freien Natur findet in einem spezifischen Umfeld statt, das als \u201erisikoreich\u201c bezeichnet wird.<\/p><p>Jeder Teilnehmer ist sich angesichts des spezifischen Charakters der angebotenen Aktivit\u00e4ten bewusst, dass er bestimmte Risiken eingehen kann, die insbesondere auf die Abgelegenheit, die Isolation und den spezifischen Charakter der Umgebung (Fluss, H\u00f6hle, Klippe usw.) zur\u00fcckzuf\u00fchren sind. Er nimmt diese in voller Kenntnis der Sachlage auf sich und muss sich an die Vorsichtsregeln halten und die von den Fachleuten erteilten Ratschl\u00e4ge befolgen.<\/p><p>Der Teilnehmer\/Kunde ist f\u00fcr die Ausr\u00fcstung verantwortlich, die ihm f\u00fcr die Aktivit\u00e4t geliehen wurde. Die Fachkraft kann nicht f\u00fcr Sch\u00e4den haftbar gemacht werden, die durch das zur Verf\u00fcgung gestellte Material verursacht werden k\u00f6nnen.<\/p><p>Im Falle eines Diebstahls oder einer Besch\u00e4digung des geliehenen Materials kann vom Teilnehmer\/Kunden eine Entsch\u00e4digung in Verbindung mit der Abnutzung oder eine vollst\u00e4ndige R\u00fcckerstattung des Materials verlangt werden.<\/p><p>Die Fachleute (Betreuer) und SWISSRAFT ACTIVITY k\u00f6nnen nicht f\u00fcr den Verlust, den Diebstahl (auch aus Fahrzeugen) oder den Bruch von Gegenst\u00e4nden (z.B. Brillen, Fotoapparate&#8230;) haftbar gemacht werden, die die Teilnehmer w\u00e4hrend der Aktivit\u00e4t mit sich f\u00fchren und die im Laufe der Aktivit\u00e4t passieren k\u00f6nnen.<\/p><p><strong>Stornierungsrichtlinien<\/strong><\/p><p>Aus Sicherheitsgr\u00fcnden kann jede Aktivit\u00e4t abgesagt werden. In diesem Fall wird Ihre Zahlung zur\u00fcckerstattet oder durch einen Gutschein mit demselben Wert ersetzt.<\/p><p><strong>Im Falle einer Stornierung durch den Kunden<\/strong><\/p><ul><li>5+ Tage vor dem Datum Ihrer Buchung: Sie erhalten eine volle R\u00fcckerstattung<\/li><li>2-4 Tage vor der Buchung: 50% des Gesamtbetrages wird berechnet<\/li><li>1 Tag vor der Buchung: 75% des Gesamtbetrages wird berechnet<\/li><li>Am selben Tag: Der gesamte Betrag der Buchung verf\u00e4llt<\/li><\/ul>\t\t\t\t\t\t\t\t<\/div>\n\t\t\t\t<\/div>\n\t\t\t\t\t<\/div>\n\t\t<\/div>\n\t\t\t\t\t<\/div>\n\t\t<\/section>\n\t\t\t\t<\/div>\n\t\t","protected":false},"excerpt":{"rendered":"<p>LEISTUNG VON UNTERRICHT UND BETREUUNG Die Anmeldung zu den betreuten Leistungen von SWISSRAFT ACTIVITY setzt voraus, dass der Unterzeichner die vorliegenden Allgemeinen [&hellip;]<\/p>\n","protected":false},"author":1,"featured_media":1578,"parent":0,"menu_order":0,"comment_status":"closed","ping_status":"closed","template":"","meta":{"_acf_changed":false,"footnotes":""},"class_list":["post-1594","page","type-page","status-publish","has-post-thumbnail","hentry"],"acf":[],"yoast_head":"<!-- This site is optimized with the Yoast SEO plugin v27.1.1 - https:\/\/yoast.com\/product\/yoast-seo-wordpress\/ -->\n<title>Unsere Allgemeinen Gesch\u00e4ftsbedingungen - Swissraft Activity<\/title>\n<meta name=\"robots\" content=\"index, follow, max-snippet:-1, max-image-preview:large, max-video-preview:-1\" \/>\n<link rel=\"canonical\" href=\"https:\/\/swissraft-activity.ch\/de\/unsere-allgemeinen-geschaeftsbedingungen\/\" \/>\n<meta property=\"og:locale\" content=\"de_DE\" \/>\n<meta property=\"og:type\" content=\"article\" \/>\n<meta property=\"og:title\" content=\"Unsere Allgemeinen Gesch\u00e4ftsbedingungen - Swissraft Activity\" \/>\n<meta property=\"og:description\" content=\"LEISTUNG VON UNTERRICHT UND BETREUUNG Die Anmeldung zu den betreuten Leistungen von SWISSRAFT ACTIVITY setzt voraus, dass der Unterzeichner die vorliegenden Allgemeinen [&hellip;]\" \/>\n<meta property=\"og:url\" content=\"https:\/\/swissraft-activity.ch\/de\/unsere-allgemeinen-geschaeftsbedingungen\/\" \/>\n<meta property=\"og:site_name\" content=\"Swissraft Activity\" \/>\n<meta property=\"article:modified_time\" content=\"2025-03-18T08:05:52+00:00\" \/>\n<meta property=\"og:image\" content=\"https:\/\/swissraft-activity.ch\/wp-content\/uploads\/2023\/12\/Screenshot-2023-03-23-at-11-07-57-L0I4119-scaled.jpg-Image-AVIF-1600-\u00d7-1067-pixels-Redimensionnee-93_-min.jpg\" \/>\n\t<meta property=\"og:image:width\" content=\"1872\" \/>\n\t<meta property=\"og:image:height\" content=\"1248\" \/>\n\t<meta property=\"og:image:type\" content=\"image\/jpeg\" \/>\n<meta name=\"twitter:card\" content=\"summary_large_image\" \/>\n<meta name=\"twitter:label1\" content=\"Gesch\u00e4tzte Lesezeit\" \/>\n\t<meta name=\"twitter:data1\" content=\"6\u00a0Minuten\" \/>\n<script type=\"application\/ld+json\" class=\"yoast-schema-graph\">{\"@context\":\"https:\/\/schema.org\",\"@graph\":[{\"@type\":\"WebPage\",\"@id\":\"https:\/\/swissraft-activity.ch\/de\/unsere-allgemeinen-geschaeftsbedingungen\/\",\"url\":\"https:\/\/swissraft-activity.ch\/de\/unsere-allgemeinen-geschaeftsbedingungen\/\",\"name\":\"Unsere Allgemeinen Gesch\u00e4ftsbedingungen - Swissraft Activity\",\"isPartOf\":{\"@id\":\"https:\/\/swissraft-activity.ch\/#website\"},\"primaryImageOfPage\":{\"@id\":\"https:\/\/swissraft-activity.ch\/de\/unsere-allgemeinen-geschaeftsbedingungen\/#primaryimage\"},\"image\":{\"@id\":\"https:\/\/swissraft-activity.ch\/de\/unsere-allgemeinen-geschaeftsbedingungen\/#primaryimage\"},\"thumbnailUrl\":\"https:\/\/swissraft-activity.ch\/wp-content\/uploads\/2023\/12\/Screenshot-2023-03-23-at-11-07-57-L0I4119-scaled.jpg-Image-AVIF-1600-\u00d7-1067-pixels-Redimensionnee-93_-min.jpg\",\"datePublished\":\"2023-12-27T16:09:05+00:00\",\"dateModified\":\"2025-03-18T08:05:52+00:00\",\"breadcrumb\":{\"@id\":\"https:\/\/swissraft-activity.ch\/de\/unsere-allgemeinen-geschaeftsbedingungen\/#breadcrumb\"},\"inLanguage\":\"de\",\"potentialAction\":[{\"@type\":\"ReadAction\",\"target\":[\"https:\/\/swissraft-activity.ch\/de\/unsere-allgemeinen-geschaeftsbedingungen\/\"]}]},{\"@type\":\"ImageObject\",\"inLanguage\":\"de\",\"@id\":\"https:\/\/swissraft-activity.ch\/de\/unsere-allgemeinen-geschaeftsbedingungen\/#primaryimage\",\"url\":\"https:\/\/swissraft-activity.ch\/wp-content\/uploads\/2023\/12\/Screenshot-2023-03-23-at-11-07-57-L0I4119-scaled.jpg-Image-AVIF-1600-\u00d7-1067-pixels-Redimensionnee-93_-min.jpg\",\"contentUrl\":\"https:\/\/swissraft-activity.ch\/wp-content\/uploads\/2023\/12\/Screenshot-2023-03-23-at-11-07-57-L0I4119-scaled.jpg-Image-AVIF-1600-\u00d7-1067-pixels-Redimensionnee-93_-min.jpg\",\"width\":1872,\"height\":1248},{\"@type\":\"BreadcrumbList\",\"@id\":\"https:\/\/swissraft-activity.ch\/de\/unsere-allgemeinen-geschaeftsbedingungen\/#breadcrumb\",\"itemListElement\":[{\"@type\":\"ListItem\",\"position\":1,\"name\":\"Accueil\",\"item\":\"https:\/\/swissraft-activity.ch\/de\/\"},{\"@type\":\"ListItem\",\"position\":2,\"name\":\"Unsere Allgemeinen Gesch\u00e4ftsbedingungen\"}]},{\"@type\":\"WebSite\",\"@id\":\"https:\/\/swissraft-activity.ch\/#website\",\"url\":\"https:\/\/swissraft-activity.ch\/\",\"name\":\"Swissraft Activity\",\"description\":\"\",\"publisher\":{\"@id\":\"https:\/\/swissraft-activity.ch\/#organization\"},\"potentialAction\":[{\"@type\":\"SearchAction\",\"target\":{\"@type\":\"EntryPoint\",\"urlTemplate\":\"https:\/\/swissraft-activity.ch\/?s={search_term_string}\"},\"query-input\":{\"@type\":\"PropertyValueSpecification\",\"valueRequired\":true,\"valueName\":\"search_term_string\"}}],\"inLanguage\":\"de\"},{\"@type\":\"Organization\",\"@id\":\"https:\/\/swissraft-activity.ch\/#organization\",\"name\":\"Swissraft Activity\",\"url\":\"https:\/\/swissraft-activity.ch\/\",\"logo\":{\"@type\":\"ImageObject\",\"inLanguage\":\"de\",\"@id\":\"https:\/\/swissraft-activity.ch\/#\/schema\/logo\/image\/\",\"url\":\"https:\/\/swissraft-activity.ch\/wp-content\/uploads\/2022\/08\/LOGO-Swissraft-1200px.png\",\"contentUrl\":\"https:\/\/swissraft-activity.ch\/wp-content\/uploads\/2022\/08\/LOGO-Swissraft-1200px.png\",\"width\":600,\"height\":275,\"caption\":\"Swissraft Activity\"},\"image\":{\"@id\":\"https:\/\/swissraft-activity.ch\/#\/schema\/logo\/image\/\"}}]}<\/script>\n<!-- \/ Yoast SEO plugin. -->","yoast_head_json":{"title":"Unsere Allgemeinen Gesch\u00e4ftsbedingungen - Swissraft Activity","robots":{"index":"index","follow":"follow","max-snippet":"max-snippet:-1","max-image-preview":"max-image-preview:large","max-video-preview":"max-video-preview:-1"},"canonical":"https:\/\/swissraft-activity.ch\/de\/unsere-allgemeinen-geschaeftsbedingungen\/","og_locale":"de_DE","og_type":"article","og_title":"Unsere Allgemeinen Gesch\u00e4ftsbedingungen - Swissraft Activity","og_description":"LEISTUNG VON UNTERRICHT UND BETREUUNG Die Anmeldung zu den betreuten Leistungen von SWISSRAFT ACTIVITY setzt voraus, dass der Unterzeichner die vorliegenden Allgemeinen [&hellip;]","og_url":"https:\/\/swissraft-activity.ch\/de\/unsere-allgemeinen-geschaeftsbedingungen\/","og_site_name":"Swissraft Activity","article_modified_time":"2025-03-18T08:05:52+00:00","og_image":[{"width":1872,"height":1248,"url":"https:\/\/swissraft-activity.ch\/wp-content\/uploads\/2023\/12\/Screenshot-2023-03-23-at-11-07-57-L0I4119-scaled.jpg-Image-AVIF-1600-\u00d7-1067-pixels-Redimensionnee-93_-min.jpg","type":"image\/jpeg"}],"twitter_card":"summary_large_image","twitter_misc":{"Gesch\u00e4tzte Lesezeit":"6\u00a0Minuten"},"schema":{"@context":"https:\/\/schema.org","@graph":[{"@type":"WebPage","@id":"https:\/\/swissraft-activity.ch\/de\/unsere-allgemeinen-geschaeftsbedingungen\/","url":"https:\/\/swissraft-activity.ch\/de\/unsere-allgemeinen-geschaeftsbedingungen\/","name":"Unsere Allgemeinen Gesch\u00e4ftsbedingungen - Swissraft Activity","isPartOf":{"@id":"https:\/\/swissraft-activity.ch\/#website"},"primaryImageOfPage":{"@id":"https:\/\/swissraft-activity.ch\/de\/unsere-allgemeinen-geschaeftsbedingungen\/#primaryimage"},"image":{"@id":"https:\/\/swissraft-activity.ch\/de\/unsere-allgemeinen-geschaeftsbedingungen\/#primaryimage"},"thumbnailUrl":"https:\/\/swissraft-activity.ch\/wp-content\/uploads\/2023\/12\/Screenshot-2023-03-23-at-11-07-57-L0I4119-scaled.jpg-Image-AVIF-1600-\u00d7-1067-pixels-Redimensionnee-93_-min.jpg","datePublished":"2023-12-27T16:09:05+00:00","dateModified":"2025-03-18T08:05:52+00:00","breadcrumb":{"@id":"https:\/\/swissraft-activity.ch\/de\/unsere-allgemeinen-geschaeftsbedingungen\/#breadcrumb"},"inLanguage":"de","potentialAction":[{"@type":"ReadAction","target":["https:\/\/swissraft-activity.ch\/de\/unsere-allgemeinen-geschaeftsbedingungen\/"]}]},{"@type":"ImageObject","inLanguage":"de","@id":"https:\/\/swissraft-activity.ch\/de\/unsere-allgemeinen-geschaeftsbedingungen\/#primaryimage","url":"https:\/\/swissraft-activity.ch\/wp-content\/uploads\/2023\/12\/Screenshot-2023-03-23-at-11-07-57-L0I4119-scaled.jpg-Image-AVIF-1600-\u00d7-1067-pixels-Redimensionnee-93_-min.jpg","contentUrl":"https:\/\/swissraft-activity.ch\/wp-content\/uploads\/2023\/12\/Screenshot-2023-03-23-at-11-07-57-L0I4119-scaled.jpg-Image-AVIF-1600-\u00d7-1067-pixels-Redimensionnee-93_-min.jpg","width":1872,"height":1248},{"@type":"BreadcrumbList","@id":"https:\/\/swissraft-activity.ch\/de\/unsere-allgemeinen-geschaeftsbedingungen\/#breadcrumb","itemListElement":[{"@type":"ListItem","position":1,"name":"Accueil","item":"https:\/\/swissraft-activity.ch\/de\/"},{"@type":"ListItem","position":2,"name":"Unsere Allgemeinen Gesch\u00e4ftsbedingungen"}]},{"@type":"WebSite","@id":"https:\/\/swissraft-activity.ch\/#website","url":"https:\/\/swissraft-activity.ch\/","name":"Swissraft Activity","description":"","publisher":{"@id":"https:\/\/swissraft-activity.ch\/#organization"},"potentialAction":[{"@type":"SearchAction","target":{"@type":"EntryPoint","urlTemplate":"https:\/\/swissraft-activity.ch\/?s={search_term_string}"},"query-input":{"@type":"PropertyValueSpecification","valueRequired":true,"valueName":"search_term_string"}}],"inLanguage":"de"},{"@type":"Organization","@id":"https:\/\/swissraft-activity.ch\/#organization","name":"Swissraft Activity","url":"https:\/\/swissraft-activity.ch\/","logo":{"@type":"ImageObject","inLanguage":"de","@id":"https:\/\/swissraft-activity.ch\/#\/schema\/logo\/image\/","url":"https:\/\/swissraft-activity.ch\/wp-content\/uploads\/2022\/08\/LOGO-Swissraft-1200px.png","contentUrl":"https:\/\/swissraft-activity.ch\/wp-content\/uploads\/2022\/08\/LOGO-Swissraft-1200px.png","width":600,"height":275,"caption":"Swissraft Activity"},"image":{"@id":"https:\/\/swissraft-activity.ch\/#\/schema\/logo\/image\/"}}]}},"_links":{"self":[{"href":"https:\/\/swissraft-activity.ch\/de\/wp-json\/wp\/v2\/pages\/1594","targetHints":{"allow":["GET"]}}],"collection":[{"href":"https:\/\/swissraft-activity.ch\/de\/wp-json\/wp\/v2\/pages"}],"about":[{"href":"https:\/\/swissraft-activity.ch\/de\/wp-json\/wp\/v2\/types\/page"}],"author":[{"embeddable":true,"href":"https:\/\/swissraft-activity.ch\/de\/wp-json\/wp\/v2\/users\/1"}],"replies":[{"embeddable":true,"href":"https:\/\/swissraft-activity.ch\/de\/wp-json\/wp\/v2\/comments?post=1594"}],"version-history":[{"count":4,"href":"https:\/\/swissraft-activity.ch\/de\/wp-json\/wp\/v2\/pages\/1594\/revisions"}],"predecessor-version":[{"id":1598,"href":"https:\/\/swissraft-activity.ch\/de\/wp-json\/wp\/v2\/pages\/1594\/revisions\/1598"}],"wp:featuredmedia":[{"embeddable":true,"href":"https:\/\/swissraft-activity.ch\/de\/wp-json\/wp\/v2\/media\/1578"}],"wp:attachment":[{"href":"https:\/\/swissraft-activity.ch\/de\/wp-json\/wp\/v2\/media?parent=1594"}],"curies":[{"name":"wp","href":"https:\/\/api.w.org\/{rel}","templated":true}]}}