{"id":1133,"date":"2024-01-29T11:06:47","date_gmt":"2024-01-29T10:06:47","guid":{"rendered":"https:\/\/swissraft-activity.ch\/skischool-activity\/"},"modified":"2024-02-12T10:24:08","modified_gmt":"2024-02-12T09:24:08","slug":"skischool-activity","status":"publish","type":"page","link":"https:\/\/swissraft-activity.ch\/en\/skischool-activity\/","title":{"rendered":"Skischool Activity"},"content":{"rendered":"\t\t<div data-elementor-type=\"wp-page\" data-elementor-id=\"1133\" class=\"elementor elementor-1133 elementor-981\" data-elementor-post-type=\"page\">\n\t\t\t\t\t\t<div class=\"elementor-section elementor-top-section elementor-element elementor-element-4808bc2 elementor-section-boxed elementor-section-height-default elementor-section-height-default\" data-id=\"4808bc2\" data-element_type=\"section\" data-e-type=\"section\" data-settings=\"{&quot;background_background&quot;:&quot;classic&quot;}\">\n\t\t\t\t\t\t\t<div class=\"elementor-background-overlay\"><\/div>\n\t\t\t\t\t\t\t<div class=\"elementor-container elementor-column-gap-default\">\n\t\t\t\t\t<div class=\"elementor-column elementor-col-100 elementor-top-column elementor-element elementor-element-e1a1958 animated-slow elementor-invisible\" data-id=\"e1a1958\" data-element_type=\"column\" data-e-type=\"column\" data-settings=\"{&quot;animation&quot;:&quot;fadeIn&quot;,&quot;animation_delay&quot;:300}\">\n\t\t\t<div class=\"elementor-widget-wrap elementor-element-populated\">\n\t\t\t\t\t\t<div class=\"elementor-element elementor-element-5740e8e elementor-widget__width-initial elementor-widget-tablet__width-initial elementor-widget elementor-widget-heading\" data-id=\"5740e8e\" data-element_type=\"widget\" data-e-type=\"widget\" data-widget_type=\"heading.default\">\n\t\t\t\t<div class=\"elementor-widget-container\">\n\t\t\t\t\t<h1 class=\"elementor-heading-title elementor-size-default\">Skischool Activity<\/h1>\t\t\t\t<\/div>\n\t\t\t\t<\/div>\n\t\t\t\t<div class=\"elementor-element elementor-element-7838bcf elementor-widget__width-initial elementor-widget elementor-widget-text-editor\" data-id=\"7838bcf\" data-element_type=\"widget\" data-e-type=\"widget\" data-widget_type=\"text-editor.default\">\n\t\t\t\t<div class=\"elementor-widget-container\">\n\t\t\t\t\t\t\t\t\t<p>Explore the art of sliding with our exceptional ski and snowboard lessons. Master the slopes, feel the adrenalin, and turn your winter into an unforgettable adventure.<\/p>\t\t\t\t\t\t\t\t<\/div>\n\t\t\t\t<\/div>\n\t\t\t\t<div class=\"elementor-element elementor-element-25905b6 elementor-widget elementor-widget-spacer\" data-id=\"25905b6\" data-element_type=\"widget\" data-e-type=\"widget\" data-widget_type=\"spacer.default\">\n\t\t\t\t<div class=\"elementor-widget-container\">\n\t\t\t\t\t\t\t<div class=\"elementor-spacer\">\n\t\t\t<div class=\"elementor-spacer-inner\"><\/div>\n\t\t<\/div>\n\t\t\t\t\t\t<\/div>\n\t\t\t\t<\/div>\n\t\t\t\t<div class=\"elementor-element elementor-element-ad066fb elementor-widget__width-auto elementor-widget elementor-widget-button\" data-id=\"ad066fb\" data-element_type=\"widget\" data-e-type=\"widget\" data-widget_type=\"button.default\">\n\t\t\t\t<div class=\"elementor-widget-container\">\n\t\t\t\t\t\t\t\t\t<div class=\"elementor-button-wrapper\">\n\t\t\t\t\t<a class=\"elementor-button elementor-button-link elementor-size-sm\" href=\"#emplacements\">\n\t\t\t\t\t\t<span class=\"elementor-button-content-wrapper\">\n\t\t\t\t\t\t<span class=\"elementor-button-icon\">\n\t\t\t\t<i aria-hidden=\"true\" class=\"ti ti-location-pin\"><\/i>\t\t\t<\/span>\n\t\t\t\t\t\t\t\t\t<span class=\"elementor-button-text\">Discover locations<\/span>\n\t\t\t\t\t<\/span>\n\t\t\t\t\t<\/a>\n\t\t\t\t<\/div>\n\t\t\t\t\t\t\t\t<\/div>\n\t\t\t\t<\/div>\n\t\t\t\t\t<\/div>\n\t\t<\/div>\n\t\t\t\t\t<\/div>\n\t\t<\/div>\n\t\t\t\t<div class=\"elementor-section elementor-top-section elementor-element elementor-element-f17c750 elementor-section-boxed elementor-section-height-default elementor-section-height-default\" data-id=\"f17c750\" data-element_type=\"section\" data-e-type=\"section\" id=\"emplacements\" data-settings=\"{&quot;background_background&quot;:&quot;classic&quot;}\">\n\t\t\t\t\t\t<div class=\"elementor-container elementor-column-gap-default\">\n\t\t\t\t\t<div class=\"elementor-column elementor-col-100 elementor-top-column elementor-element elementor-element-569a31e\" data-id=\"569a31e\" data-element_type=\"column\" data-e-type=\"column\" data-settings=\"{&quot;background_background&quot;:&quot;classic&quot;}\">\n\t\t\t<div class=\"elementor-widget-wrap elementor-element-populated\">\n\t\t\t\t<div class=\"elementor-element elementor-element-68d190c e-con-full e-flex e-con e-parent\" data-id=\"68d190c\" data-element_type=\"container\" data-e-type=\"container\">\n\t\t<div class=\"elementor-element elementor-element-58ea9bd e-con-full e-flex e-con e-child\" data-id=\"58ea9bd\" data-element_type=\"container\" data-e-type=\"container\">\n\t\t\t\t<div class=\"elementor-element elementor-element-8c9b887 elementor-widget elementor-widget-heading\" data-id=\"8c9b887\" data-element_type=\"widget\" data-e-type=\"widget\" data-widget_type=\"heading.default\">\n\t\t\t\t<div class=\"elementor-widget-container\">\n\t\t\t\t\t<h4 class=\"elementor-heading-title elementor-size-default\">skischool activity<\/h4>\t\t\t\t<\/div>\n\t\t\t\t<\/div>\n\t\t\t\t<div class=\"elementor-element elementor-element-067cd62 elementor-widget elementor-widget-heading\" data-id=\"067cd62\" data-element_type=\"widget\" data-e-type=\"widget\" data-widget_type=\"heading.default\">\n\t\t\t\t<div class=\"elementor-widget-container\">\n\t\t\t\t\t<h2 class=\"elementor-heading-title elementor-size-default\">our course regions<\/h2>\t\t\t\t<\/div>\n\t\t\t\t<\/div>\n\t\t\t\t<\/div>\n\t\t<div class=\"elementor-element elementor-element-6869851 e-con-full e-flex e-con e-child\" data-id=\"6869851\" data-element_type=\"container\" data-e-type=\"container\">\n\t\t\t\t<div class=\"elementor-element elementor-element-5b8e7c5 elementor-align-right elementor-mobile-align-left elementor-widget elementor-widget-button\" data-id=\"5b8e7c5\" data-element_type=\"widget\" data-e-type=\"widget\" data-widget_type=\"button.default\">\n\t\t\t\t<div class=\"elementor-widget-container\">\n\t\t\t\t\t\t\t\t\t<div class=\"elementor-button-wrapper\">\n\t\t\t\t\t<a class=\"elementor-button elementor-button-link elementor-size-sm\" href=\"\/en\/contact\">\n\t\t\t\t\t\t<span class=\"elementor-button-content-wrapper\">\n\t\t\t\t\t\t\t\t\t<span class=\"elementor-button-text\">Contact us<\/span>\n\t\t\t\t\t<\/span>\n\t\t\t\t\t<\/a>\n\t\t\t\t<\/div>\n\t\t\t\t\t\t\t\t<\/div>\n\t\t\t\t<\/div>\n\t\t\t\t<\/div>\n\t\t\t\t<\/div>\n\t\t\t\t<section class=\"elementor-section elementor-inner-section elementor-element elementor-element-b2735be elementor-section-boxed elementor-section-height-default elementor-section-height-default\" data-id=\"b2735be\" data-element_type=\"section\" data-e-type=\"section\">\n\t\t\t\t\t\t<div class=\"elementor-container elementor-column-gap-default\">\n\t\t\t\t\t<div data-ep-wrapper-link=\"{&quot;url&quot;:&quot;\\\/crans-montana\\\/&quot;,&quot;is_external&quot;:&quot;&quot;,&quot;nofollow&quot;:&quot;&quot;,&quot;custom_attributes&quot;:&quot;&quot;}\" style=\"cursor: pointer\" class=\"bdt-element-link elementor-column elementor-col-33 elementor-inner-column elementor-element elementor-element-483338a animated-slow\" data-id=\"483338a\" data-element_type=\"column\" data-e-type=\"column\" data-settings=\"{&quot;background_background&quot;:&quot;classic&quot;}\">\n\t\t\t<div class=\"elementor-widget-wrap elementor-element-populated\">\n\t\t\t\t\t<div class=\"elementor-background-overlay\"><\/div>\n\t\t\t\t\t\t<div class=\"elementor-element elementor-element-e7f1e8a elementor-widget elementor-widget-heading\" data-id=\"e7f1e8a\" data-element_type=\"widget\" data-e-type=\"widget\" data-widget_type=\"heading.default\">\n\t\t\t\t<div class=\"elementor-widget-container\">\n\t\t\t\t\t<h3 class=\"elementor-heading-title elementor-size-default\">Crans-Montana<\/h3>\t\t\t\t<\/div>\n\t\t\t\t<\/div>\n\t\t\t\t<div class=\"elementor-element elementor-element-e9a01f0 elementor-widget elementor-widget-text-editor\" data-id=\"e9a01f0\" data-element_type=\"widget\" data-e-type=\"widget\" data-widget_type=\"text-editor.default\">\n\t\t\t\t<div class=\"elementor-widget-container\">\n\t\t\t\t\t\t\t\t\t<p>Alpine elegance, breathtaking panoramas, world-class skiing.<\/p>\t\t\t\t\t\t\t\t<\/div>\n\t\t\t\t<\/div>\n\t\t\t\t<div class=\"elementor-element elementor-element-5b871b6 elementor-widget elementor-widget-button\" data-id=\"5b871b6\" data-element_type=\"widget\" data-e-type=\"widget\" data-widget_type=\"button.default\">\n\t\t\t\t<div class=\"elementor-widget-container\">\n\t\t\t\t\t\t\t\t\t<div class=\"elementor-button-wrapper\">\n\t\t\t\t\t<a class=\"elementor-button elementor-button-link elementor-size-sm\" href=\"\/en\/crans-montana\/\">\n\t\t\t\t\t\t<span class=\"elementor-button-content-wrapper\">\n\t\t\t\t\t\t<span class=\"elementor-button-icon\">\n\t\t\t\t<i aria-hidden=\"true\" class=\"ti ti-arrow-right\"><\/i>\t\t\t<\/span>\n\t\t\t\t\t\t\t\t\t<span class=\"elementor-button-text\">Discover<\/span>\n\t\t\t\t\t<\/span>\n\t\t\t\t\t<\/a>\n\t\t\t\t<\/div>\n\t\t\t\t\t\t\t\t<\/div>\n\t\t\t\t<\/div>\n\t\t\t\t\t<\/div>\n\t\t<\/div>\n\t\t\t\t<div data-ep-wrapper-link=\"{&quot;url&quot;:&quot;\\\/verbier&quot;,&quot;is_external&quot;:&quot;&quot;,&quot;nofollow&quot;:&quot;&quot;,&quot;custom_attributes&quot;:&quot;&quot;}\" style=\"cursor: pointer\" class=\"bdt-element-link elementor-column elementor-col-33 elementor-inner-column elementor-element elementor-element-b9d7c34 animated-slow\" data-id=\"b9d7c34\" data-element_type=\"column\" data-e-type=\"column\" data-settings=\"{&quot;background_background&quot;:&quot;classic&quot;}\">\n\t\t\t<div class=\"elementor-widget-wrap elementor-element-populated\">\n\t\t\t\t\t<div class=\"elementor-background-overlay\"><\/div>\n\t\t\t\t\t\t<div class=\"elementor-element elementor-element-abb996b elementor-widget elementor-widget-heading\" data-id=\"abb996b\" data-element_type=\"widget\" data-e-type=\"widget\" data-widget_type=\"heading.default\">\n\t\t\t\t<div class=\"elementor-widget-container\">\n\t\t\t\t\t<h3 class=\"elementor-heading-title elementor-size-default\">Verbier<\/h3>\t\t\t\t<\/div>\n\t\t\t\t<\/div>\n\t\t\t\t<div class=\"elementor-element elementor-element-9008222 elementor-widget elementor-widget-text-editor\" data-id=\"9008222\" data-element_type=\"widget\" data-e-type=\"widget\" data-widget_type=\"text-editor.default\">\n\t\t\t\t<div class=\"elementor-widget-container\">\n\t\t\t\t\t\t\t\t\t<p>Mountain chic, endless slopes, a popular destination for ski enthusiasts.<\/p>\t\t\t\t\t\t\t\t<\/div>\n\t\t\t\t<\/div>\n\t\t\t\t<div class=\"elementor-element elementor-element-3dab904 elementor-widget elementor-widget-button\" data-id=\"3dab904\" data-element_type=\"widget\" data-e-type=\"widget\" data-widget_type=\"button.default\">\n\t\t\t\t<div class=\"elementor-widget-container\">\n\t\t\t\t\t\t\t\t\t<div class=\"elementor-button-wrapper\">\n\t\t\t\t\t<a class=\"elementor-button elementor-button-link elementor-size-sm\" href=\"\/en\/verbier\">\n\t\t\t\t\t\t<span class=\"elementor-button-content-wrapper\">\n\t\t\t\t\t\t<span class=\"elementor-button-icon\">\n\t\t\t\t<i aria-hidden=\"true\" class=\"ti ti-arrow-right\"><\/i>\t\t\t<\/span>\n\t\t\t\t\t\t\t\t\t<span class=\"elementor-button-text\">Discover<\/span>\n\t\t\t\t\t<\/span>\n\t\t\t\t\t<\/a>\n\t\t\t\t<\/div>\n\t\t\t\t\t\t\t\t<\/div>\n\t\t\t\t<\/div>\n\t\t\t\t\t<\/div>\n\t\t<\/div>\n\t\t\t\t<div data-ep-wrapper-link=\"{&quot;url&quot;:&quot;\\\/zermatt&quot;,&quot;is_external&quot;:&quot;&quot;,&quot;nofollow&quot;:&quot;&quot;,&quot;custom_attributes&quot;:&quot;&quot;}\" style=\"cursor: pointer\" class=\"bdt-element-link elementor-column elementor-col-33 elementor-inner-column elementor-element elementor-element-4661773\" data-id=\"4661773\" data-element_type=\"column\" data-e-type=\"column\" data-settings=\"{&quot;background_background&quot;:&quot;classic&quot;}\">\n\t\t\t<div class=\"elementor-widget-wrap elementor-element-populated\">\n\t\t\t\t\t<div class=\"elementor-background-overlay\"><\/div>\n\t\t\t\t\t\t<div class=\"elementor-element elementor-element-975bd09 elementor-widget elementor-widget-heading\" data-id=\"975bd09\" data-element_type=\"widget\" data-e-type=\"widget\" data-widget_type=\"heading.default\">\n\t\t\t\t<div class=\"elementor-widget-container\">\n\t\t\t\t\t<h3 class=\"elementor-heading-title elementor-size-default\">Zermatt<\/h3>\t\t\t\t<\/div>\n\t\t\t\t<\/div>\n\t\t\t\t<div class=\"elementor-element elementor-element-fe5961c elementor-widget elementor-widget-text-editor\" data-id=\"fe5961c\" data-element_type=\"widget\" data-e-type=\"widget\" data-widget_type=\"text-editor.default\">\n\t\t\t\t<div class=\"elementor-widget-container\">\n\t\t\t\t\t\t\t\t\t<p>The iconic Matterhorn, exceptional skiing, authentic Alpine charm.<\/p>\t\t\t\t\t\t\t\t<\/div>\n\t\t\t\t<\/div>\n\t\t\t\t<div class=\"elementor-element elementor-element-f5ff90c elementor-widget elementor-widget-button\" data-id=\"f5ff90c\" data-element_type=\"widget\" data-e-type=\"widget\" data-widget_type=\"button.default\">\n\t\t\t\t<div class=\"elementor-widget-container\">\n\t\t\t\t\t\t\t\t\t<div class=\"elementor-button-wrapper\">\n\t\t\t\t\t<a class=\"elementor-button elementor-button-link elementor-size-sm\" href=\"\/en\/zermatt\">\n\t\t\t\t\t\t<span class=\"elementor-button-content-wrapper\">\n\t\t\t\t\t\t<span class=\"elementor-button-icon\">\n\t\t\t\t<i aria-hidden=\"true\" class=\"ti ti-arrow-right\"><\/i>\t\t\t<\/span>\n\t\t\t\t\t\t\t\t\t<span class=\"elementor-button-text\">Discover<\/span>\n\t\t\t\t\t<\/span>\n\t\t\t\t\t<\/a>\n\t\t\t\t<\/div>\n\t\t\t\t\t\t\t\t<\/div>\n\t\t\t\t<\/div>\n\t\t\t\t\t<\/div>\n\t\t<\/div>\n\t\t\t\t\t<\/div>\n\t\t<\/section>\n\t\t\t\t\t<\/div>\n\t\t<\/div>\n\t\t\t\t\t<\/div>\n\t\t<\/div>\n\t\t\t\t<\/div>\n\t\t","protected":false},"excerpt":{"rendered":"<p>Skischool Activity Explore the art of sliding with our exceptional ski and snowboard lessons. Master the slopes, feel the adrenalin, and turn [&hellip;]<\/p>\n","protected":false},"author":1,"featured_media":0,"parent":0,"menu_order":0,"comment_status":"closed","ping_status":"closed","template":"","meta":{"_acf_changed":false,"footnotes":""},"class_list":["post-1133","page","type-page","status-publish","hentry"],"acf":[],"yoast_head":"<!-- This site is optimized with the Yoast SEO plugin v27.1.1 - https:\/\/yoast.com\/product\/yoast-seo-wordpress\/ -->\n<title>Skischool Activity - Votre aventure ski et snow en Suisse<\/title>\n<meta name=\"description\" content=\"D\u00e9couvrez une aventure inoubliable avec Skischool Activity. Explorez les montagnes, d\u00e9valez les pistes en ski ou en snow et vivez des moments m\u00e9morables. R\u00e9servez votre exp\u00e9rience aujourd&#039;hui!\" \/>\n<meta name=\"robots\" content=\"index, follow, max-snippet:-1, max-image-preview:large, max-video-preview:-1\" \/>\n<link rel=\"canonical\" href=\"https:\/\/swissraft-activity.ch\/en\/skischool-activity\/\" \/>\n<meta property=\"og:locale\" content=\"en_US\" \/>\n<meta property=\"og:type\" content=\"article\" \/>\n<meta property=\"og:title\" content=\"Skischool Activity - Votre aventure ski et snow en Suisse\" \/>\n<meta property=\"og:description\" content=\"D\u00e9couvrez une aventure inoubliable avec Skischool Activity. Explorez les montagnes, d\u00e9valez les pistes en ski ou en snow et vivez des moments m\u00e9morables. R\u00e9servez votre exp\u00e9rience aujourd&#039;hui!\" \/>\n<meta property=\"og:url\" content=\"https:\/\/swissraft-activity.ch\/en\/skischool-activity\/\" \/>\n<meta property=\"og:site_name\" content=\"Swissraft Activity\" \/>\n<meta property=\"article:modified_time\" content=\"2024-02-12T09:24:08+00:00\" \/>\n<meta name=\"twitter:card\" content=\"summary_large_image\" \/>\n<meta name=\"twitter:label1\" content=\"Est. reading time\" \/>\n\t<meta name=\"twitter:data1\" content=\"1 minute\" \/>\n<script type=\"application\/ld+json\" class=\"yoast-schema-graph\">{\"@context\":\"https:\/\/schema.org\",\"@graph\":[{\"@type\":\"WebPage\",\"@id\":\"https:\/\/swissraft-activity.ch\/en\/skischool-activity\/\",\"url\":\"https:\/\/swissraft-activity.ch\/en\/skischool-activity\/\",\"name\":\"Skischool Activity - Votre aventure ski et snow en Suisse\",\"isPartOf\":{\"@id\":\"https:\/\/swissraft-activity.ch\/#website\"},\"datePublished\":\"2024-01-29T10:06:47+00:00\",\"dateModified\":\"2024-02-12T09:24:08+00:00\",\"description\":\"D\u00e9couvrez une aventure inoubliable avec Skischool Activity. Explorez les montagnes, d\u00e9valez les pistes en ski ou en snow et vivez des moments m\u00e9morables. R\u00e9servez votre exp\u00e9rience aujourd'hui!\",\"breadcrumb\":{\"@id\":\"https:\/\/swissraft-activity.ch\/en\/skischool-activity\/#breadcrumb\"},\"inLanguage\":\"en-US\",\"potentialAction\":[{\"@type\":\"ReadAction\",\"target\":[\"https:\/\/swissraft-activity.ch\/en\/skischool-activity\/\"]}]},{\"@type\":\"BreadcrumbList\",\"@id\":\"https:\/\/swissraft-activity.ch\/en\/skischool-activity\/#breadcrumb\",\"itemListElement\":[{\"@type\":\"ListItem\",\"position\":1,\"name\":\"Accueil\",\"item\":\"https:\/\/swissraft-activity.ch\/en\/\"},{\"@type\":\"ListItem\",\"position\":2,\"name\":\"Skischool Activity\"}]},{\"@type\":\"WebSite\",\"@id\":\"https:\/\/swissraft-activity.ch\/#website\",\"url\":\"https:\/\/swissraft-activity.ch\/\",\"name\":\"Swissraft Activity\",\"description\":\"\",\"publisher\":{\"@id\":\"https:\/\/swissraft-activity.ch\/#organization\"},\"potentialAction\":[{\"@type\":\"SearchAction\",\"target\":{\"@type\":\"EntryPoint\",\"urlTemplate\":\"https:\/\/swissraft-activity.ch\/?s={search_term_string}\"},\"query-input\":{\"@type\":\"PropertyValueSpecification\",\"valueRequired\":true,\"valueName\":\"search_term_string\"}}],\"inLanguage\":\"en-US\"},{\"@type\":\"Organization\",\"@id\":\"https:\/\/swissraft-activity.ch\/#organization\",\"name\":\"Swissraft Activity\",\"url\":\"https:\/\/swissraft-activity.ch\/\",\"logo\":{\"@type\":\"ImageObject\",\"inLanguage\":\"en-US\",\"@id\":\"https:\/\/swissraft-activity.ch\/#\/schema\/logo\/image\/\",\"url\":\"https:\/\/swissraft-activity.ch\/wp-content\/uploads\/2022\/08\/LOGO-Swissraft-1200px.png\",\"contentUrl\":\"https:\/\/swissraft-activity.ch\/wp-content\/uploads\/2022\/08\/LOGO-Swissraft-1200px.png\",\"width\":600,\"height\":275,\"caption\":\"Swissraft Activity\"},\"image\":{\"@id\":\"https:\/\/swissraft-activity.ch\/#\/schema\/logo\/image\/\"}}]}<\/script>\n<!-- \/ Yoast SEO plugin. -->","yoast_head_json":{"title":"Skischool Activity - Votre aventure ski et snow en Suisse","description":"D\u00e9couvrez une aventure inoubliable avec Skischool Activity. Explorez les montagnes, d\u00e9valez les pistes en ski ou en snow et vivez des moments m\u00e9morables. R\u00e9servez votre exp\u00e9rience aujourd'hui!","robots":{"index":"index","follow":"follow","max-snippet":"max-snippet:-1","max-image-preview":"max-image-preview:large","max-video-preview":"max-video-preview:-1"},"canonical":"https:\/\/swissraft-activity.ch\/en\/skischool-activity\/","og_locale":"en_US","og_type":"article","og_title":"Skischool Activity - Votre aventure ski et snow en Suisse","og_description":"D\u00e9couvrez une aventure inoubliable avec Skischool Activity. Explorez les montagnes, d\u00e9valez les pistes en ski ou en snow et vivez des moments m\u00e9morables. R\u00e9servez votre exp\u00e9rience aujourd'hui!","og_url":"https:\/\/swissraft-activity.ch\/en\/skischool-activity\/","og_site_name":"Swissraft Activity","article_modified_time":"2024-02-12T09:24:08+00:00","twitter_card":"summary_large_image","twitter_misc":{"Est. reading time":"1 minute"},"schema":{"@context":"https:\/\/schema.org","@graph":[{"@type":"WebPage","@id":"https:\/\/swissraft-activity.ch\/en\/skischool-activity\/","url":"https:\/\/swissraft-activity.ch\/en\/skischool-activity\/","name":"Skischool Activity - Votre aventure ski et snow en Suisse","isPartOf":{"@id":"https:\/\/swissraft-activity.ch\/#website"},"datePublished":"2024-01-29T10:06:47+00:00","dateModified":"2024-02-12T09:24:08+00:00","description":"D\u00e9couvrez une aventure inoubliable avec Skischool Activity. Explorez les montagnes, d\u00e9valez les pistes en ski ou en snow et vivez des moments m\u00e9morables. R\u00e9servez votre exp\u00e9rience aujourd'hui!","breadcrumb":{"@id":"https:\/\/swissraft-activity.ch\/en\/skischool-activity\/#breadcrumb"},"inLanguage":"en-US","potentialAction":[{"@type":"ReadAction","target":["https:\/\/swissraft-activity.ch\/en\/skischool-activity\/"]}]},{"@type":"BreadcrumbList","@id":"https:\/\/swissraft-activity.ch\/en\/skischool-activity\/#breadcrumb","itemListElement":[{"@type":"ListItem","position":1,"name":"Accueil","item":"https:\/\/swissraft-activity.ch\/en\/"},{"@type":"ListItem","position":2,"name":"Skischool Activity"}]},{"@type":"WebSite","@id":"https:\/\/swissraft-activity.ch\/#website","url":"https:\/\/swissraft-activity.ch\/","name":"Swissraft Activity","description":"","publisher":{"@id":"https:\/\/swissraft-activity.ch\/#organization"},"potentialAction":[{"@type":"SearchAction","target":{"@type":"EntryPoint","urlTemplate":"https:\/\/swissraft-activity.ch\/?s={search_term_string}"},"query-input":{"@type":"PropertyValueSpecification","valueRequired":true,"valueName":"search_term_string"}}],"inLanguage":"en-US"},{"@type":"Organization","@id":"https:\/\/swissraft-activity.ch\/#organization","name":"Swissraft Activity","url":"https:\/\/swissraft-activity.ch\/","logo":{"@type":"ImageObject","inLanguage":"en-US","@id":"https:\/\/swissraft-activity.ch\/#\/schema\/logo\/image\/","url":"https:\/\/swissraft-activity.ch\/wp-content\/uploads\/2022\/08\/LOGO-Swissraft-1200px.png","contentUrl":"https:\/\/swissraft-activity.ch\/wp-content\/uploads\/2022\/08\/LOGO-Swissraft-1200px.png","width":600,"height":275,"caption":"Swissraft Activity"},"image":{"@id":"https:\/\/swissraft-activity.ch\/#\/schema\/logo\/image\/"}}]}},"_links":{"self":[{"href":"https:\/\/swissraft-activity.ch\/en\/wp-json\/wp\/v2\/pages\/1133","targetHints":{"allow":["GET"]}}],"collection":[{"href":"https:\/\/swissraft-activity.ch\/en\/wp-json\/wp\/v2\/pages"}],"about":[{"href":"https:\/\/swissraft-activity.ch\/en\/wp-json\/wp\/v2\/types\/page"}],"author":[{"embeddable":true,"href":"https:\/\/swissraft-activity.ch\/en\/wp-json\/wp\/v2\/users\/1"}],"replies":[{"embeddable":true,"href":"https:\/\/swissraft-activity.ch\/en\/wp-json\/wp\/v2\/comments?post=1133"}],"version-history":[{"count":3,"href":"https:\/\/swissraft-activity.ch\/en\/wp-json\/wp\/v2\/pages\/1133\/revisions"}],"predecessor-version":[{"id":1136,"href":"https:\/\/swissraft-activity.ch\/en\/wp-json\/wp\/v2\/pages\/1133\/revisions\/1136"}],"wp:attachment":[{"href":"https:\/\/swissraft-activity.ch\/en\/wp-json\/wp\/v2\/media?parent=1133"}],"curies":[{"name":"wp","href":"https:\/\/api.w.org\/{rel}","templated":true}]}}